{"id":9261,"date":"2021-12-17T12:51:17","date_gmt":"2021-12-17T10:51:17","guid":{"rendered":"https:\/\/dentperfect.ro\/dentv3\/?page_id=9261"},"modified":"2024-02-29T13:24:56","modified_gmt":"2024-02-29T11:24:56","slug":"dental-braces-for-children","status":"publish","type":"page","link":"https:\/\/dentperfect.ro\/en\/dental-braces-for-children\/","title":{"rendered":"Dental Braces for Children"},"content":{"rendered":"\t\t<div data-elementor-type=\"wp-page\" data-elementor-id=\"9261\" class=\"elementor elementor-9261\">\n\t\t\t\t\t\t<section class=\"elementor-section elementor-top-section elementor-element elementor-element-b554ff9 elementor-section-full_width elementor-section-height-min-height elementor-section-stretched elementor-section-height-default elementor-section-items-middle\" data-id=\"b554ff9\" data-element_type=\"section\" data-settings=\"{&quot;stretch_section&quot;:&quot;section-stretched&quot;,&quot;background_background&quot;:&quot;classic&quot;}\">\n\t\t\t\t\t\t<div class=\"elementor-container elementor-column-gap-default\">\n\t\t\t\t\t<div class=\"elementor-column elementor-col-100 elementor-top-column elementor-element elementor-element-cb37e51\" data-id=\"cb37e51\" data-element_type=\"column\">\n\t\t\t<div class=\"elementor-widget-wrap\">\n\t\t\t\t\t\t\t<\/div>\n\t\t<\/div>\n\t\t\t\t\t<\/div>\n\t\t<\/section>\n\t\t\t\t<div class=\"elementor-section elementor-top-section elementor-element elementor-element-c2ddcf9 elementor-section-full_width elementor-section-stretched elementor-section-height-default elementor-section-height-default elementor-invisible\" data-id=\"c2ddcf9\" data-element_type=\"section\" data-settings=\"{&quot;animation&quot;:&quot;fadeInUp&quot;,&quot;stretch_section&quot;:&quot;section-stretched&quot;}\">\n\t\t\t\t\t\t<div class=\"elementor-container elementor-column-gap-default\">\n\t\t\t\t\t<div class=\"elementor-column elementor-col-100 elementor-top-column elementor-element elementor-element-42ce945\" data-id=\"42ce945\" data-element_type=\"column\">\n\t\t\t<div class=\"elementor-widget-wrap elementor-element-populated\">\n\t\t\t\t\t\t<div class=\"elementor-section elementor-inner-section elementor-element elementor-element-bdc4527 elementor-section-content-middle elementor-section-boxed elementor-section-height-default elementor-section-height-default\" data-id=\"bdc4527\" data-element_type=\"section\">\n\t\t\t\t\t\t<div class=\"elementor-container elementor-column-gap-default\">\n\t\t\t\t\t<div class=\"elementor-column elementor-col-100 elementor-inner-column elementor-element elementor-element-035229f\" data-id=\"035229f\" data-element_type=\"column\" data-settings=\"{&quot;background_background&quot;:&quot;classic&quot;}\">\n\t\t\t<div class=\"elementor-widget-wrap elementor-element-populated\">\n\t\t\t\t\t\t<div class=\"elementor-element elementor-element-a130ba5 elementor-widget elementor-widget-section-title\" data-id=\"a130ba5\" data-element_type=\"widget\" data-widget_type=\"section-title.default\">\n\t\t\t\t<div class=\"elementor-widget-container\">\n\t\t\t<div class=\" pt-section-title  pt-section-title-style-1 \">\r\n\r\n   \t\t   \t\t\t   <h5 class=\"pt-section-title\" >Dental Braces for Children<\/h5>\r\n\t\t<p>One of the main health and aesthetic issues among children is represented by crooked, spaced, or crowded teeth.<\/p>\r\n\r\n<\/div>\r\n\t\t<\/div>\n\t\t\t\t<\/div>\n\t\t\t\t\t<\/div>\n\t\t<\/div>\n\t\t\t\t\t<\/div>\n\t\t<\/div>\n\t\t\t\t\t<\/div>\n\t\t<\/div>\n\t\t\t\t\t<\/div>\n\t\t<\/div>\n\t\t\t\t<div class=\"elementor-section elementor-top-section elementor-element elementor-element-f54b405 elementor-section-full_width elementor-section-stretched elementor-section-height-default elementor-section-height-default\" data-id=\"f54b405\" data-element_type=\"section\" data-settings=\"{&quot;stretch_section&quot;:&quot;section-stretched&quot;,&quot;background_background&quot;:&quot;classic&quot;}\">\n\t\t\t\t\t\t<div class=\"elementor-container elementor-column-gap-default\">\n\t\t\t\t\t<div class=\"elementor-column elementor-col-100 elementor-top-column elementor-element elementor-element-cbb806e\" data-id=\"cbb806e\" data-element_type=\"column\">\n\t\t\t<div class=\"elementor-widget-wrap elementor-element-populated\">\n\t\t\t\t\t\t<section class=\"elementor-section elementor-inner-section elementor-element elementor-element-3aca617 elementor-section-boxed elementor-section-height-default elementor-section-height-default\" data-id=\"3aca617\" data-element_type=\"section\">\n\t\t\t\t\t\t<div class=\"elementor-container elementor-column-gap-default\">\n\t\t\t\t\t<div class=\"elementor-column elementor-col-100 elementor-inner-column elementor-element elementor-element-110a330\" data-id=\"110a330\" data-element_type=\"column\">\n\t\t\t<div class=\"elementor-widget-wrap elementor-element-populated\">\n\t\t\t\t\t\t<div class=\"elementor-element elementor-element-cf555f1 elementor-widget elementor-widget-text-editor\" data-id=\"cf555f1\" data-element_type=\"widget\" data-widget_type=\"text-editor.default\">\n\t\t\t\t<div class=\"elementor-widget-container\">\n\t\t\t<style>\/*! elementor - v3.21.0 - 26-05-2024 *\/\n.elementor-widget-text-editor.elementor-drop-cap-view-stacked .elementor-drop-cap{background-color:#69727d;color:#fff}.elementor-widget-text-editor.elementor-drop-cap-view-framed .elementor-drop-cap{color:#69727d;border:3px solid;background-color:transparent}.elementor-widget-text-editor:not(.elementor-drop-cap-view-default) .elementor-drop-cap{margin-top:8px}.elementor-widget-text-editor:not(.elementor-drop-cap-view-default) .elementor-drop-cap-letter{width:1em;height:1em}.elementor-widget-text-editor .elementor-drop-cap{float:left;text-align:center;line-height:1;font-size:50px}.elementor-widget-text-editor .elementor-drop-cap-letter{display:inline-block}<\/style>\t\t\t\t<p>Este foarte important ca din\u021bii copiilor s\u0103 fie trata\u021bi la timpul potrivit, deoarece altfel exist\u0103 riscul de a se ajunge la tratamente complexe \u0219i \u00eendelungate \u00een perioada adolescen\u021bei. De aceea, purtarea unui aparat dentar este mai mult dec\u00e2t o necesitate estetic\u0103; este una medical\u0103 c\u00e2nd vorbim de copii care au afec\u021biunile men\u021bionate mai sus \u0219i nu numai.<\/p>\t\t\t\t\t\t<\/div>\n\t\t\t\t<\/div>\n\t\t\t\t<div class=\"elementor-element elementor-element-90da16c elementor-widget elementor-widget-heading\" data-id=\"90da16c\" data-element_type=\"widget\" data-widget_type=\"heading.default\">\n\t\t\t\t<div class=\"elementor-widget-container\">\n\t\t\t<style>\/*! elementor - v3.21.0 - 26-05-2024 *\/\n.elementor-heading-title{padding:0;margin:0;line-height:1}.elementor-widget-heading .elementor-heading-title[class*=elementor-size-]>a{color:inherit;font-size:inherit;line-height:inherit}.elementor-widget-heading .elementor-heading-title.elementor-size-small{font-size:15px}.elementor-widget-heading .elementor-heading-title.elementor-size-medium{font-size:19px}.elementor-widget-heading .elementor-heading-title.elementor-size-large{font-size:29px}.elementor-widget-heading .elementor-heading-title.elementor-size-xl{font-size:39px}.elementor-widget-heading .elementor-heading-title.elementor-size-xxl{font-size:59px}<\/style><h2 class=\"elementor-heading-title elementor-size-default\">When Does a Child Need Braces?<\/h2>\t\t<\/div>\n\t\t\t\t<\/div>\n\t\t\t\t<div class=\"elementor-element elementor-element-cc47378 elementor-widget elementor-widget-text-editor\" data-id=\"cc47378\" data-element_type=\"widget\" data-widget_type=\"text-editor.default\">\n\t\t\t\t<div class=\"elementor-widget-container\">\n\t\t\t\t\t\t\t<p>A child needs orthodontic treatment, specifically braces, in the following situations:<\/p><ul><li>They experience difficulties in chewing, swallowing, speaking, or has oral breathing.<\/li><li>They continue thumb-sucking after the age of 5.<\/li><li>There are notable gaps or, conversely, too little space between adjacent teeth are observed.<\/li><li>Dental arches do not meet normally or do not meet at all.<\/li><li>Front teeth are crowded.<\/li><li>They bite their cheek.<\/li><li>Mandibular prognathism occurs, meaning the lower teeth cover the upper ones.<\/li><\/ul><p>It is recommended that a child&#8217;s first orthodontic check-up be conducted at the age of 7, as the specialist can then determine if the bite is correct. This check-up is crucial because orthodontic treatment may not be necessary, or it might commence after a certain period.<\/p><p>If orthodontic treatment with braces is recommended, it should start as early as possible. During childhood, when all permanent teeth erupt and the jawbone is more malleable, orthodontic treatments can be shorter in duration, show visible results more quickly, and have longer-lasting effects over time.<\/p><p>In the case when orthodontic treatment with braces is recommended, it should commence as early as possible. During childhood, when all permanent teeth erupt, and the jawbone is more permissive, orthodontic treatments with braces can have a shorter duration, provide quicker visible results, and have a more lasting impact over time.<\/p><p>Certainly, when dental misalignments are left untreated, more severe problems can arise, such as digestive issues caused by faulty chewing, emotional and affective complexes due to poor aesthetics, the development of cavities on crowded teeth, pronunciation imperfections, the occurrence of anomalies like misaligned or supernumerary teeth, and even pain in the dental arches.<\/p>\t\t\t\t\t\t<\/div>\n\t\t\t\t<\/div>\n\t\t\t\t\t<\/div>\n\t\t<\/div>\n\t\t\t\t\t<\/div>\n\t\t<\/section>\n\t\t\t\t\t<\/div>\n\t\t<\/div>\n\t\t\t\t\t<\/div>\n\t\t<\/div>\n\t\t\t\t<div class=\"elementor-section elementor-top-section elementor-element elementor-element-baa4f6e elementor-section-stretched elementor-section-boxed elementor-section-height-default elementor-section-height-default\" data-id=\"baa4f6e\" data-element_type=\"section\" data-settings=\"{&quot;stretch_section&quot;:&quot;section-stretched&quot;,&quot;background_background&quot;:&quot;classic&quot;}\">\n\t\t\t\t\t\t<div class=\"elementor-container elementor-column-gap-default\">\n\t\t\t\t\t<div class=\"elementor-column elementor-col-100 elementor-top-column elementor-element elementor-element-37be9da\" data-id=\"37be9da\" data-element_type=\"column\">\n\t\t\t<div class=\"elementor-widget-wrap elementor-element-populated\">\n\t\t\t\t\t\t<section class=\"elementor-section elementor-inner-section elementor-element elementor-element-e6c2935 elementor-section-boxed elementor-section-height-default elementor-section-height-default\" data-id=\"e6c2935\" data-element_type=\"section\">\n\t\t\t\t\t\t<div class=\"elementor-container elementor-column-gap-default\">\n\t\t\t\t\t<div class=\"elementor-column elementor-col-100 elementor-inner-column elementor-element elementor-element-b2bf064\" data-id=\"b2bf064\" data-element_type=\"column\">\n\t\t\t<div class=\"elementor-widget-wrap elementor-element-populated\">\n\t\t\t\t\t\t<div class=\"elementor-element elementor-element-8ffd408 elementor-widget elementor-widget-heading\" data-id=\"8ffd408\" data-element_type=\"widget\" data-widget_type=\"heading.default\">\n\t\t\t\t<div class=\"elementor-widget-container\">\n\t\t\t<h2 class=\"elementor-heading-title elementor-size-default\">Benefits of Wearing Braces<\/h2>\t\t<\/div>\n\t\t\t\t<\/div>\n\t\t\t\t<div class=\"elementor-element elementor-element-195ec96 elementor-widget elementor-widget-text-editor\" data-id=\"195ec96\" data-element_type=\"widget\" data-widget_type=\"text-editor.default\">\n\t\t\t\t<div class=\"elementor-widget-container\">\n\t\t\t\t\t\t\t<p>If braces are chosen for children as soon as issues are noticed, several benefits will arise:<\/p><ul><li>elimination of the need for complex and costly subsequent treatments<\/li><li>reduction or elimination of the need for surgical interventions or even tooth extractions<\/li><li>decreased treatment time and associated costs<\/li><li>correction of tongue position<\/li><li>ensuring proper development of teeth and facial structure<\/li><li>correction of detrimental habits<\/li><li>improvement of facial symmetry<\/li><li>reduced risk of injury to misaligned teeth<\/li><li>increased self-confidence, which any parent wants for their child.<\/li><\/ul>\t\t\t\t\t\t<\/div>\n\t\t\t\t<\/div>\n\t\t\t\t\t<\/div>\n\t\t<\/div>\n\t\t\t\t\t<\/div>\n\t\t<\/section>\n\t\t\t\t\t<\/div>\n\t\t<\/div>\n\t\t\t\t\t<\/div>\n\t\t<\/div>\n\t\t\t\t<\/div>\n\t\t","protected":false},"excerpt":{"rendered":"<p>Dental Braces for Children One of the main health and aesthetic issues among children is represented by crooked, spaced, or crowded teeth. Este foarte important ca din\u021bii copiilor s\u0103 fie trata\u021bi la timpul potrivit, deoarece altfel exist\u0103 riscul de a se ajunge la tratamente complexe \u0219i \u00eendelungate \u00een perioada adolescen\u021bei. De aceea, purtarea unui aparat [&hellip;]<\/p>\n","protected":false},"author":1,"featured_media":9264,"parent":0,"menu_order":0,"comment_status":"closed","ping_status":"closed","template":"","meta":{"_acf_changed":false,"footnotes":""},"class_list":["post-9261","page","type-page","status-publish","has-post-thumbnail","hentry"],"acf":[],"yoast_head":"<!-- This site is optimized with the Yoast SEO plugin v22.8 - https:\/\/yoast.com\/wordpress\/plugins\/seo\/ -->\n<title>Dental Braces for Children - Dent Perfect<\/title>\n<meta name=\"description\" content=\"One of the main health and aesthetic issues among children is represented by crooked, spaced, or crowded teeth.\" \/>\n<meta name=\"robots\" content=\"index, follow, max-snippet:-1, max-image-preview:large, max-video-preview:-1\" \/>\n<link rel=\"canonical\" href=\"https:\/\/dentperfect.ro\/en\/dental-braces-for-children\/\" \/>\n<meta property=\"og:locale\" content=\"en_US\" \/>\n<meta property=\"og:type\" content=\"article\" \/>\n<meta property=\"og:title\" content=\"Dental Braces for Children - Dent Perfect\" \/>\n<meta property=\"og:description\" content=\"One of the main health and aesthetic issues among children is represented by crooked, spaced, or crowded teeth.\" \/>\n<meta property=\"og:url\" content=\"https:\/\/dentperfect.ro\/en\/dental-braces-for-children\/\" \/>\n<meta property=\"og:site_name\" content=\"Dent Perfect\" \/>\n<meta property=\"article:modified_time\" content=\"2024-02-29T11:24:56+00:00\" \/>\n<meta property=\"og:image\" content=\"https:\/\/dentperfect.ro\/en\/wp-content\/uploads\/2022\/08\/aparat-dentar-copii.webp\" \/>\n\t<meta property=\"og:image:width\" content=\"2560\" \/>\n\t<meta property=\"og:image:height\" content=\"1200\" \/>\n\t<meta property=\"og:image:type\" content=\"image\/webp\" \/>\n<meta name=\"twitter:card\" content=\"summary_large_image\" \/>\n<meta name=\"twitter:label1\" content=\"Est. reading time\" \/>\n\t<meta name=\"twitter:data1\" content=\"2 minutes\" \/>\n<script type=\"application\/ld+json\" class=\"yoast-schema-graph\">{\"@context\":\"https:\/\/schema.org\",\"@graph\":[{\"@type\":\"WebPage\",\"@id\":\"https:\/\/dentperfect.ro\/en\/dental-braces-for-children\/\",\"url\":\"https:\/\/dentperfect.ro\/en\/dental-braces-for-children\/\",\"name\":\"Dental Braces for Children - Dent Perfect\",\"isPartOf\":{\"@id\":\"https:\/\/dentperfect.ro\/en\/#website\"},\"primaryImageOfPage\":{\"@id\":\"https:\/\/dentperfect.ro\/en\/dental-braces-for-children\/#primaryimage\"},\"image\":{\"@id\":\"https:\/\/dentperfect.ro\/en\/dental-braces-for-children\/#primaryimage\"},\"thumbnailUrl\":\"https:\/\/dentperfect.ro\/en\/wp-content\/uploads\/2022\/08\/aparat-dentar-copii.webp\",\"datePublished\":\"2021-12-17T10:51:17+00:00\",\"dateModified\":\"2024-02-29T11:24:56+00:00\",\"description\":\"One of the main health and aesthetic issues among children is represented by crooked, spaced, or crowded teeth.\",\"breadcrumb\":{\"@id\":\"https:\/\/dentperfect.ro\/en\/dental-braces-for-children\/#breadcrumb\"},\"inLanguage\":\"en-US\",\"potentialAction\":[{\"@type\":\"ReadAction\",\"target\":[\"https:\/\/dentperfect.ro\/en\/dental-braces-for-children\/\"]}]},{\"@type\":\"ImageObject\",\"inLanguage\":\"en-US\",\"@id\":\"https:\/\/dentperfect.ro\/en\/dental-braces-for-children\/#primaryimage\",\"url\":\"https:\/\/dentperfect.ro\/en\/wp-content\/uploads\/2022\/08\/aparat-dentar-copii.webp\",\"contentUrl\":\"https:\/\/dentperfect.ro\/en\/wp-content\/uploads\/2022\/08\/aparat-dentar-copii.webp\",\"width\":2560,\"height\":1200},{\"@type\":\"BreadcrumbList\",\"@id\":\"https:\/\/dentperfect.ro\/en\/dental-braces-for-children\/#breadcrumb\",\"itemListElement\":[{\"@type\":\"ListItem\",\"position\":1,\"name\":\"Home\",\"item\":\"https:\/\/dentperfect.ro\/en\/\"},{\"@type\":\"ListItem\",\"position\":2,\"name\":\"Dental Braces for Children\"}]},{\"@type\":\"WebSite\",\"@id\":\"https:\/\/dentperfect.ro\/en\/#website\",\"url\":\"https:\/\/dentperfect.ro\/en\/\",\"name\":\"Dent Perfect\",\"description\":\"Dental Clinic - Sector 1 Bucharest\",\"publisher\":{\"@id\":\"https:\/\/dentperfect.ro\/en\/#organization\"},\"potentialAction\":[{\"@type\":\"SearchAction\",\"target\":{\"@type\":\"EntryPoint\",\"urlTemplate\":\"https:\/\/dentperfect.ro\/en\/?s={search_term_string}\"},\"query-input\":\"required name=search_term_string\"}],\"inLanguage\":\"en-US\"},{\"@type\":\"Organization\",\"@id\":\"https:\/\/dentperfect.ro\/en\/#organization\",\"name\":\"Dent Perfect\",\"url\":\"https:\/\/dentperfect.ro\/en\/\",\"logo\":{\"@type\":\"ImageObject\",\"inLanguage\":\"en-US\",\"@id\":\"https:\/\/dentperfect.ro\/en\/#\/schema\/logo\/image\/\",\"url\":\"https:\/\/dentperfect.ro\/dentv3\/wp-content\/uploads\/2022\/08\/logo-dentperfect-340px-h80px.webp\",\"contentUrl\":\"https:\/\/dentperfect.ro\/dentv3\/wp-content\/uploads\/2022\/08\/logo-dentperfect-340px-h80px.webp\",\"width\":340,\"height\":80,\"caption\":\"Dent Perfect\"},\"image\":{\"@id\":\"https:\/\/dentperfect.ro\/en\/#\/schema\/logo\/image\/\"}}]}<\/script>\n<!-- \/ Yoast SEO plugin. -->","yoast_head_json":{"title":"Dental Braces for Children - Dent Perfect","description":"One of the main health and aesthetic issues among children is represented by crooked, spaced, or crowded teeth.","robots":{"index":"index","follow":"follow","max-snippet":"max-snippet:-1","max-image-preview":"max-image-preview:large","max-video-preview":"max-video-preview:-1"},"canonical":"https:\/\/dentperfect.ro\/en\/dental-braces-for-children\/","og_locale":"en_US","og_type":"article","og_title":"Dental Braces for Children - Dent Perfect","og_description":"One of the main health and aesthetic issues among children is represented by crooked, spaced, or crowded teeth.","og_url":"https:\/\/dentperfect.ro\/en\/dental-braces-for-children\/","og_site_name":"Dent Perfect","article_modified_time":"2024-02-29T11:24:56+00:00","og_image":[{"width":2560,"height":1200,"url":"https:\/\/dentperfect.ro\/en\/wp-content\/uploads\/2022\/08\/aparat-dentar-copii.webp","type":"image\/webp"}],"twitter_card":"summary_large_image","twitter_misc":{"Est. reading time":"2 minutes"},"schema":{"@context":"https:\/\/schema.org","@graph":[{"@type":"WebPage","@id":"https:\/\/dentperfect.ro\/en\/dental-braces-for-children\/","url":"https:\/\/dentperfect.ro\/en\/dental-braces-for-children\/","name":"Dental Braces for Children - Dent Perfect","isPartOf":{"@id":"https:\/\/dentperfect.ro\/en\/#website"},"primaryImageOfPage":{"@id":"https:\/\/dentperfect.ro\/en\/dental-braces-for-children\/#primaryimage"},"image":{"@id":"https:\/\/dentperfect.ro\/en\/dental-braces-for-children\/#primaryimage"},"thumbnailUrl":"https:\/\/dentperfect.ro\/en\/wp-content\/uploads\/2022\/08\/aparat-dentar-copii.webp","datePublished":"2021-12-17T10:51:17+00:00","dateModified":"2024-02-29T11:24:56+00:00","description":"One of the main health and aesthetic issues among children is represented by crooked, spaced, or crowded teeth.","breadcrumb":{"@id":"https:\/\/dentperfect.ro\/en\/dental-braces-for-children\/#breadcrumb"},"inLanguage":"en-US","potentialAction":[{"@type":"ReadAction","target":["https:\/\/dentperfect.ro\/en\/dental-braces-for-children\/"]}]},{"@type":"ImageObject","inLanguage":"en-US","@id":"https:\/\/dentperfect.ro\/en\/dental-braces-for-children\/#primaryimage","url":"https:\/\/dentperfect.ro\/en\/wp-content\/uploads\/2022\/08\/aparat-dentar-copii.webp","contentUrl":"https:\/\/dentperfect.ro\/en\/wp-content\/uploads\/2022\/08\/aparat-dentar-copii.webp","width":2560,"height":1200},{"@type":"BreadcrumbList","@id":"https:\/\/dentperfect.ro\/en\/dental-braces-for-children\/#breadcrumb","itemListElement":[{"@type":"ListItem","position":1,"name":"Home","item":"https:\/\/dentperfect.ro\/en\/"},{"@type":"ListItem","position":2,"name":"Dental Braces for Children"}]},{"@type":"WebSite","@id":"https:\/\/dentperfect.ro\/en\/#website","url":"https:\/\/dentperfect.ro\/en\/","name":"Dent Perfect","description":"Dental Clinic - Sector 1 Bucharest","publisher":{"@id":"https:\/\/dentperfect.ro\/en\/#organization"},"potentialAction":[{"@type":"SearchAction","target":{"@type":"EntryPoint","urlTemplate":"https:\/\/dentperfect.ro\/en\/?s={search_term_string}"},"query-input":"required name=search_term_string"}],"inLanguage":"en-US"},{"@type":"Organization","@id":"https:\/\/dentperfect.ro\/en\/#organization","name":"Dent Perfect","url":"https:\/\/dentperfect.ro\/en\/","logo":{"@type":"ImageObject","inLanguage":"en-US","@id":"https:\/\/dentperfect.ro\/en\/#\/schema\/logo\/image\/","url":"https:\/\/dentperfect.ro\/dentv3\/wp-content\/uploads\/2022\/08\/logo-dentperfect-340px-h80px.webp","contentUrl":"https:\/\/dentperfect.ro\/dentv3\/wp-content\/uploads\/2022\/08\/logo-dentperfect-340px-h80px.webp","width":340,"height":80,"caption":"Dent Perfect"},"image":{"@id":"https:\/\/dentperfect.ro\/en\/#\/schema\/logo\/image\/"}}]}},"_links":{"self":[{"href":"https:\/\/dentperfect.ro\/en\/wp-json\/wp\/v2\/pages\/9261","targetHints":{"allow":["GET"]}}],"collection":[{"href":"https:\/\/dentperfect.ro\/en\/wp-json\/wp\/v2\/pages"}],"about":[{"href":"https:\/\/dentperfect.ro\/en\/wp-json\/wp\/v2\/types\/page"}],"author":[{"embeddable":true,"href":"https:\/\/dentperfect.ro\/en\/wp-json\/wp\/v2\/users\/1"}],"replies":[{"embeddable":true,"href":"https:\/\/dentperfect.ro\/en\/wp-json\/wp\/v2\/comments?post=9261"}],"version-history":[{"count":4,"href":"https:\/\/dentperfect.ro\/en\/wp-json\/wp\/v2\/pages\/9261\/revisions"}],"predecessor-version":[{"id":10795,"href":"https:\/\/dentperfect.ro\/en\/wp-json\/wp\/v2\/pages\/9261\/revisions\/10795"}],"wp:featuredmedia":[{"embeddable":true,"href":"https:\/\/dentperfect.ro\/en\/wp-json\/wp\/v2\/media\/9264"}],"wp:attachment":[{"href":"https:\/\/dentperfect.ro\/en\/wp-json\/wp\/v2\/media?parent=9261"}],"curies":[{"name":"wp","href":"https:\/\/api.w.org\/{rel}","templated":true}]}}